{"id":1987,"date":"2025-10-15T15:51:20","date_gmt":"2025-10-15T15:51:20","guid":{"rendered":"https:\/\/34.78.44.140\/?page_id=1987"},"modified":"2025-11-03T11:55:29","modified_gmt":"2025-11-03T11:55:29","slug":"algemene-voorwaarden","status":"publish","type":"page","link":"https:\/\/gfacility.com\/nl\/algemene-voorwaarden\/","title":{"rendered":"Algemene voorwaarden"},"content":{"rendered":"\n<h2 class=\"wp-block-heading\">Inleiding<\/h2>\n\n\n\n<p>Deze website wordt beheerd door Gfacility. In deze algemene voorwaarden verwijzen de termen \u201cwij\u201d, \u201cons\u201d en \u201conze\u201d naar Gfacility. Gfacility biedt deze website aan \u2013 inclusief alle informatie, tools en diensten die via deze site beschikbaar zijn \u2013 op voorwaarde dat u akkoord gaat met alle hier vermelde voorwaarden, bepalingen, beleidsregels en kennisgevingen.<br><br>Door onze site te bezoeken en\/of iets van ons te kopen, maakt u gebruik van onze \u201cDienst\u201d en gaat u akkoord met de volgende algemene voorwaarden (\u201cVoorwaarden\u201d), inclusief alle aanvullende voorwaarden en beleidsregels waarnaar wordt verwezen of die via een hyperlink beschikbaar zijn. Deze Voorwaarden zijn van toepassing op alle gebruikers van de site, waaronder maar niet beperkt tot bezoekers, leveranciers, klanten, handelaren en\/of inhoudsbijdragers.<br><br>Lees deze Voorwaarden zorgvuldig door voordat u onze website gebruikt. Door toegang te krijgen tot of gebruik te maken van enig deel van de site, stemt u in met deze Voorwaarden. Als u niet akkoord gaat met alle voorwaarden, mag u de website niet gebruiken. Indien deze Voorwaarden als een aanbod worden beschouwd, is de aanvaarding uitdrukkelijk beperkt tot deze Voorwaarden.<br><br>Nieuwe functies of tools die aan de huidige website worden toegevoegd, vallen ook onder deze Voorwaarden. U kunt de meest recente versie van de Voorwaarden op elk moment op deze pagina bekijken. Wij behouden ons het recht voor om deze Voorwaarden op elk moment te wijzigen door updates op onze website te publiceren. Het is uw verantwoordelijkheid om deze pagina regelmatig te controleren op wijzigingen. Uw voortgezet gebruik van of toegang tot de website na publicatie van wijzigingen betekent dat u deze wijzigingen accepteert.<\/p>\n\n\n\n<h2 class=\"wp-block-heading\">Toegang en gebruik<\/h2>\n\n\n\n<p>Door toegang te verkrijgen tot de website op <a href=\"https:\/\/gfacility.com\">https:\/\/gfacility.com<\/a> gaat u ermee akkoord gebonden te zijn aan deze Voorwaarden, de toepasselijke wetten en regelgeving, en bent u verantwoordelijk voor naleving van lokale wetten. Als u niet akkoord gaat met een van deze Voorwaarden, is het gebruik van de website niet toegestaan. Het materiaal op deze website wordt beschermd door auteursrechten en merkrechten.<\/p>\n\n\n\n<h2 class=\"wp-block-heading\">Gebruikslicentie<\/h2>\n\n\n\n<p>Toestemming wordt verleend om tijdelijk \u00e9\u00e9n kopie van het materiaal op de website van Gfacility te downloaden voor persoonlijk, niet-commercieel, tijdelijk gebruik. Dit is een licentie, geen overdracht van eigendom. Onder deze licentie mag u niet:<\/p>\n\n\n\n<ul class=\"wp-block-list\">\n<li>Het materiaal wijzigen of kopi\u00ebren.<\/li>\n\n\n\n<li>Het materiaal gebruiken voor commerci\u00eble doeleinden of openbare vertoningen.<\/li>\n\n\n\n<li>Proberen software van de website te decompileren of reverse-engineeren.<\/li>\n\n\n\n<li>Auteursrechten of andere eigendomsvermeldingen verwijderen.<\/li>\n\n\n\n<li>Het materiaal overdragen aan een ander of \u201cspiegelen\u201d op een andere server.<\/li>\n<\/ul>\n\n\n\n<p>Deze licentie wordt automatisch be\u00ebindigd als u een van deze beperkingen schendt en kan op elk moment door Gfacility worden be\u00ebindigd. Na be\u00ebindiging van deze licentie moet u alle gedownloade materialen vernietigen.<\/p>\n\n\n\n<h2 class=\"wp-block-heading\">Beperkingen en aansprakelijkheid<\/h2>\n\n\n\n<p>Gfacility is niet aansprakelijk voor enige schade die voortvloeit uit het gebruik of het onvermogen om het materiaal op de website te gebruiken. Dit omvat, maar is niet beperkt tot, verlies van gegevens of winst.<\/p>\n\n\n\n<h2 class=\"wp-block-heading\">Privacy en persoonsgegevens<\/h2>\n\n\n\n<p>Wij verwerken uw persoonsgegevens met zorg. De verwerking van persoonsgegevens valt onder ons <strong>Privacybeleid<\/strong>, dat u kunt raadplegen via onze website.<\/p>\n\n\n\n<h2 class=\"wp-block-heading\">Wijzigingen van de voorwaarden<\/h2>\n\n\n\n<p>Gfacility behoudt zich het recht voor om deze Algemene Voorwaarden op elk moment te wijzigen. Door gebruik te maken van de website gaat u ermee akkoord gebonden te zijn aan de huidige versie van deze Algemene Voorwaarden.<\/p>\n\n\n\n<h2 class=\"wp-block-heading\">Toepasselijk recht<\/h2>\n\n\n\n<p>Deze algemene voorwaarden worden beheerst door en ge\u00efnterpreteerd in overeenstemming met het recht van Belgi\u00eb. Eventuele geschillen vallen onder de exclusieve bevoegdheid van de rechtbanken in Belgi\u00eb.<\/p>\n\n\n\n<h2 class=\"wp-block-heading\">Contactinformatie<\/h2>\n\n\n\n<p>Voor vragen over deze Voorwaarden kunt u contact met ons opnemen via <strong><a>info@gfacility.com<\/a><\/strong>.<\/p>\n\n\n\n<p><\/p>\n","protected":false},"excerpt":{"rendered":"<p>Inleiding Deze website wordt beheerd door Gfacility. In deze algemene voorwaarden verwijzen de termen \u201cwij\u201d, \u201cons\u201d en \u201conze\u201d naar Gfacility. Gfacility biedt deze website aan \u2013 inclusief alle informatie, tools en diensten die via deze site beschikbaar zijn \u2013 op voorwaarde dat u akkoord gaat met alle hier vermelde voorwaarden, bepalingen, beleidsregels en kennisgevingen. Door [&hellip;]<\/p>\n","protected":false},"author":1,"featured_media":0,"parent":0,"menu_order":0,"comment_status":"closed","ping_status":"closed","template":"policy.php","meta":{"_acf_changed":false,"footnotes":""},"class_list":["post-1987","page","type-page","status-publish","hentry"],"acf":[],"yoast_head":"<!-- This site is optimized with the Yoast SEO plugin v27.1.1 - https:\/\/yoast.com\/product\/yoast-seo-wordpress\/ -->\n<title>Algemene voorwaarden - Gfacility<\/title>\n<meta name=\"description\" content=\"Bekijk de algemene voorwaarden van Gfacility. Hier lees je alles over het gebruik van onze software, licenties en dienstverlening.\" \/>\n<meta name=\"robots\" content=\"index, follow, max-snippet:-1, max-image-preview:large, max-video-preview:-1\" \/>\n<link rel=\"canonical\" href=\"https:\/\/gfacility.com\/nl\/algemene-voorwaarden\/\" \/>\n<meta property=\"og:locale\" content=\"nl_NL\" \/>\n<meta property=\"og:type\" content=\"article\" \/>\n<meta property=\"og:title\" content=\"Algemene voorwaarden - Gfacility\" \/>\n<meta property=\"og:description\" content=\"Bekijk de algemene voorwaarden van Gfacility. Hier lees je alles over het gebruik van onze software, licenties en dienstverlening.\" \/>\n<meta property=\"og:url\" content=\"https:\/\/gfacility.com\/nl\/algemene-voorwaarden\/\" \/>\n<meta property=\"og:site_name\" content=\"Gfacility\" \/>\n<meta property=\"article:modified_time\" content=\"2025-11-03T11:55:29+00:00\" \/>\n<meta name=\"twitter:card\" content=\"summary_large_image\" \/>\n<meta name=\"twitter:label1\" content=\"Geschatte leestijd\" \/>\n\t<meta name=\"twitter:data1\" content=\"3 minuten\" \/>\n<!-- \/ Yoast SEO plugin. -->","yoast_head_json":{"title":"Algemene voorwaarden - Gfacility","description":"Bekijk de algemene voorwaarden van Gfacility. Hier lees je alles over het gebruik van onze software, licenties en dienstverlening.","robots":{"index":"index","follow":"follow","max-snippet":"max-snippet:-1","max-image-preview":"max-image-preview:large","max-video-preview":"max-video-preview:-1"},"canonical":"https:\/\/gfacility.com\/nl\/algemene-voorwaarden\/","og_locale":"nl_NL","og_type":"article","og_title":"Algemene voorwaarden - Gfacility","og_description":"Bekijk de algemene voorwaarden van Gfacility. Hier lees je alles over het gebruik van onze software, licenties en dienstverlening.","og_url":"https:\/\/gfacility.com\/nl\/algemene-voorwaarden\/","og_site_name":"Gfacility","article_modified_time":"2025-11-03T11:55:29+00:00","twitter_card":"summary_large_image","twitter_misc":{"Geschatte leestijd":"3 minuten"},"schema":{"@context":"https:\/\/schema.org","@graph":[{"@type":"WebPage","@id":"https:\/\/gfacility.com\/nl\/algemene-voorwaarden\/","url":"https:\/\/gfacility.com\/nl\/algemene-voorwaarden\/","name":"Algemene voorwaarden - Gfacility","isPartOf":{"@id":"https:\/\/gfacility.com\/nl\/#website"},"datePublished":"2025-10-15T15:51:20+00:00","dateModified":"2025-11-03T11:55:29+00:00","description":"Bekijk de algemene voorwaarden van Gfacility. Hier lees je alles over het gebruik van onze software, licenties en dienstverlening.","breadcrumb":{"@id":"https:\/\/gfacility.com\/nl\/algemene-voorwaarden\/#breadcrumb"},"inLanguage":"nl-NL","potentialAction":[{"@type":"ReadAction","target":["https:\/\/gfacility.com\/nl\/algemene-voorwaarden\/"]}]},{"@type":"BreadcrumbList","@id":"https:\/\/gfacility.com\/nl\/algemene-voorwaarden\/#breadcrumb","itemListElement":[{"@type":"ListItem","position":1,"name":"Home","item":"https:\/\/gfacility.com\/nl\/"},{"@type":"ListItem","position":2,"name":"Algemene voorwaarden"}]},{"@type":"WebSite","@id":"https:\/\/gfacility.com\/nl\/#website","url":"https:\/\/gfacility.com\/nl\/","name":"Gfacility","description":"","potentialAction":[{"@type":"SearchAction","target":{"@type":"EntryPoint","urlTemplate":"https:\/\/gfacility.com\/nl\/?s={search_term_string}"},"query-input":{"@type":"PropertyValueSpecification","valueRequired":true,"valueName":"search_term_string"}}],"inLanguage":"nl-NL"}]}},"_links":{"self":[{"href":"https:\/\/gfacility.com\/nl\/wp-json\/wp\/v2\/pages\/1987","targetHints":{"allow":["GET"]}}],"collection":[{"href":"https:\/\/gfacility.com\/nl\/wp-json\/wp\/v2\/pages"}],"about":[{"href":"https:\/\/gfacility.com\/nl\/wp-json\/wp\/v2\/types\/page"}],"author":[{"embeddable":true,"href":"https:\/\/gfacility.com\/nl\/wp-json\/wp\/v2\/users\/1"}],"replies":[{"embeddable":true,"href":"https:\/\/gfacility.com\/nl\/wp-json\/wp\/v2\/comments?post=1987"}],"version-history":[{"count":2,"href":"https:\/\/gfacility.com\/nl\/wp-json\/wp\/v2\/pages\/1987\/revisions"}],"predecessor-version":[{"id":2283,"href":"https:\/\/gfacility.com\/nl\/wp-json\/wp\/v2\/pages\/1987\/revisions\/2283"}],"wp:attachment":[{"href":"https:\/\/gfacility.com\/nl\/wp-json\/wp\/v2\/media?parent=1987"}],"curies":[{"name":"wp","href":"https:\/\/api.w.org\/{rel}","templated":true}]}}